{"id":68,"date":"2020-10-09T23:08:53","date_gmt":"2020-10-09T21:08:53","guid":{"rendered":"https:\/\/www.itpenguin.de\/wordpress\/?page_id=68"},"modified":"2022-01-04T01:05:53","modified_gmt":"2022-01-04T00:05:53","slug":"unser_team","status":"publish","type":"page","link":"https:\/\/www.itpenguin.de\/wordpress\/unser_team\/","title":{"rendered":"Unser Team"},"content":{"rendered":"\n<div class=\"wp-block-group\"><div class=\"wp-block-group__inner-container is-layout-flow wp-block-group-is-layout-flow\">\n<p class=\"has-text-align-center\"><strong>Roland H\u00f6sch<\/strong><br>Gr\u00fcnder \/ Gesch\u00e4ftsf\u00fchrer, <a href=\"http:\/\/www.itpenguin.de\/\">itPenguin GmbH<\/a><br>Diplom-Informatiker (Friedrich-Alexander-Universit\u00e4t Erlangen)<br>Spezialist f\u00fcr C\/C++ Entwicklung, Delphi, Python, demn\u00e4chst Rust, Embedded und Realtime LINUX, Qt, Subversion, Git, github, Bugzilla, Confluence<\/p>\n\n\n\n<div class=\"wp-block-image\"><figure class=\"aligncenter size-large is-resized\"><a href=\"https:\/\/www.itpenguin.de\/wordpress\/wp-content\/uploads\/2022\/01\/20220103_fotobrinkeDSCF1095_SW-scaled.jpg\"><img loading=\"lazy\" decoding=\"async\" src=\"https:\/\/www.itpenguin.de\/wordpress\/wp-content\/uploads\/2022\/01\/20220103_fotobrinkeDSCF1095_SW-796x1024.jpg\" alt=\"Paul\" class=\"wp-image-213\" width=\"398\" height=\"512\" srcset=\"https:\/\/www.itpenguin.de\/wordpress\/wp-content\/uploads\/2022\/01\/20220103_fotobrinkeDSCF1095_SW-796x1024.jpg 796w, https:\/\/www.itpenguin.de\/wordpress\/wp-content\/uploads\/2022\/01\/20220103_fotobrinkeDSCF1095_SW-233x300.jpg 233w, https:\/\/www.itpenguin.de\/wordpress\/wp-content\/uploads\/2022\/01\/20220103_fotobrinkeDSCF1095_SW-768x988.jpg 768w, https:\/\/www.itpenguin.de\/wordpress\/wp-content\/uploads\/2022\/01\/20220103_fotobrinkeDSCF1095_SW-1194x1536.jpg 1194w, https:\/\/www.itpenguin.de\/wordpress\/wp-content\/uploads\/2022\/01\/20220103_fotobrinkeDSCF1095_SW-1593x2048.jpg 1593w, https:\/\/www.itpenguin.de\/wordpress\/wp-content\/uploads\/2022\/01\/20220103_fotobrinkeDSCF1095_SW-scaled.jpg 1991w\" sizes=\"auto, (max-width: 398px) 100vw, 398px\" \/><\/a><\/figure><\/div>\n\n\n\n<p class=\"has-text-align-center\"><strong>Johannes H\u00f6sch<\/strong><br>Softwareentwickler, <a href=\"http:\/\/www.itpenguin.de\/\">itPenguin GmbH<\/a><br>Ausbildung als Fachinformatiker bei der itPenguin GmbH<br>Spezialist f\u00fcr C\/C++ Entwicklung, Python, php, Qt, Subversion, Git, github, Bugzilla, Confluence, Ebedded LINUX<\/p>\n\n\n\n<div class=\"wp-block-image\"><figure class=\"aligncenter size-large is-resized\"><img loading=\"lazy\" decoding=\"async\" src=\"https:\/\/www.itpenguin.de\/wordpress\/wp-content\/uploads\/2020\/10\/P1000618_4-1024x897.jpg\" alt=\"Janosh\" class=\"wp-image-93\" width=\"512\" height=\"449\" srcset=\"https:\/\/www.itpenguin.de\/wordpress\/wp-content\/uploads\/2020\/10\/P1000618_4-1024x897.jpg 1024w, https:\/\/www.itpenguin.de\/wordpress\/wp-content\/uploads\/2020\/10\/P1000618_4-300x263.jpg 300w, https:\/\/www.itpenguin.de\/wordpress\/wp-content\/uploads\/2020\/10\/P1000618_4-768x673.jpg 768w, https:\/\/www.itpenguin.de\/wordpress\/wp-content\/uploads\/2020\/10\/P1000618_4-1536x1346.jpg 1536w, https:\/\/www.itpenguin.de\/wordpress\/wp-content\/uploads\/2020\/10\/P1000618_4-2048x1794.jpg 2048w\" sizes=\"auto, (max-width: 512px) 100vw, 512px\" \/><\/figure><\/div>\n\n\n\n<p class=\"has-text-align-center\"><strong>Inge Grillmeier<\/strong><br>Buchhaltung, Gehaltsabrechnung und gute Seele im B\u00fcro<br>Import aus der Oberpfalz<br>Spezialistin f\u00fcr Zahlenschubbsereien, von der die technischen Mitarbeiter keine Ahnung haben <strong>\ud83d\ude09<\/strong><\/p>\n<\/div><\/div>\n\n\n\n<div class=\"wp-block-group\"><div class=\"wp-block-group__inner-container is-layout-flow wp-block-group-is-layout-flow\">\n<div class=\"wp-block-image\"><figure class=\"aligncenter size-large is-resized\"><img loading=\"lazy\" decoding=\"async\" src=\"https:\/\/www.itpenguin.de\/wordpress\/wp-content\/uploads\/2022\/01\/20220103_fotobrinkeDSCF1088_SW-797x1024.jpg\" alt=\"Inge\" class=\"wp-image-215\" width=\"399\" height=\"512\" srcset=\"https:\/\/www.itpenguin.de\/wordpress\/wp-content\/uploads\/2022\/01\/20220103_fotobrinkeDSCF1088_SW-797x1024.jpg 797w, https:\/\/www.itpenguin.de\/wordpress\/wp-content\/uploads\/2022\/01\/20220103_fotobrinkeDSCF1088_SW-233x300.jpg 233w, https:\/\/www.itpenguin.de\/wordpress\/wp-content\/uploads\/2022\/01\/20220103_fotobrinkeDSCF1088_SW-768x987.jpg 768w, https:\/\/www.itpenguin.de\/wordpress\/wp-content\/uploads\/2022\/01\/20220103_fotobrinkeDSCF1088_SW-1195x1536.jpg 1195w, https:\/\/www.itpenguin.de\/wordpress\/wp-content\/uploads\/2022\/01\/20220103_fotobrinkeDSCF1088_SW-1593x2048.jpg 1593w, https:\/\/www.itpenguin.de\/wordpress\/wp-content\/uploads\/2022\/01\/20220103_fotobrinkeDSCF1088_SW-scaled.jpg 1992w\" sizes=\"auto, (max-width: 399px) 100vw, 399px\" \/><\/figure><\/div>\n\n\n\n<p class=\"has-text-align-center\"><strong>Anonymous<\/strong><\/p>\n<\/div><\/div>\n\n\n\n<div class=\"wp-block-image\"><figure class=\"aligncenter size-large is-resized\"><img loading=\"lazy\" decoding=\"async\" src=\"https:\/\/www.itpenguin.de\/wordpress\/wp-content\/uploads\/2020\/10\/itp_logo_HIGH-872x1024.jpg\" alt=\"The Penguin ;)\n\n\u201cWe are Anonymous.\nWe are Legion.\nWe do not forgive.\nWe do not forget.\nExpect us.\u201d\" class=\"wp-image-44\" width=\"436\" height=\"512\" srcset=\"https:\/\/www.itpenguin.de\/wordpress\/wp-content\/uploads\/2020\/10\/itp_logo_HIGH-872x1024.jpg 872w, https:\/\/www.itpenguin.de\/wordpress\/wp-content\/uploads\/2020\/10\/itp_logo_HIGH-255x300.jpg 255w, https:\/\/www.itpenguin.de\/wordpress\/wp-content\/uploads\/2020\/10\/itp_logo_HIGH-768x902.jpg 768w, https:\/\/www.itpenguin.de\/wordpress\/wp-content\/uploads\/2020\/10\/itp_logo_HIGH-1308x1536.jpg 1308w, https:\/\/www.itpenguin.de\/wordpress\/wp-content\/uploads\/2020\/10\/itp_logo_HIGH-1744x2048.jpg 1744w\" sizes=\"auto, (max-width: 436px) 100vw, 436px\" \/><\/figure><\/div>\n\n\n\n<p><\/p>\n","protected":false},"excerpt":{"rendered":"<p>Roland H\u00f6schGr\u00fcnder \/ Gesch\u00e4ftsf\u00fchrer, itPenguin GmbHDiplom-Informatiker (Friedrich-Alexander-Universit\u00e4t Erlangen)Spezialist f\u00fcr C\/C++ Entwicklung, Delphi, Python, demn\u00e4chst Rust, Embedded und Realtime LINUX, Qt, Subversion, Git, github, Bugzilla, Confluence Johannes H\u00f6schSoftwareentwickler, itPenguin GmbHAusbildung als Fachinformatiker bei der itPenguin GmbHSpezialist f\u00fcr C\/C++ Entwicklung, Python, php, Qt, Subversion, Git, github, Bugzilla, Confluence, Ebedded LINUX Inge GrillmeierBuchhaltung, Gehaltsabrechnung und gute Seele im [&hellip;]<\/p>\n","protected":false},"author":1,"featured_media":0,"parent":0,"menu_order":0,"comment_status":"closed","ping_status":"closed","template":"","meta":{"gt_page_layout":"","gt_hide_page_title":false,"gt_remove_bottom_margin":false,"footnotes":""},"class_list":["post-68","page","type-page","status-publish","hentry"],"_links":{"self":[{"href":"https:\/\/www.itpenguin.de\/wordpress\/wp-json\/wp\/v2\/pages\/68","targetHints":{"allow":["GET"]}}],"collection":[{"href":"https:\/\/www.itpenguin.de\/wordpress\/wp-json\/wp\/v2\/pages"}],"about":[{"href":"https:\/\/www.itpenguin.de\/wordpress\/wp-json\/wp\/v2\/types\/page"}],"author":[{"embeddable":true,"href":"https:\/\/www.itpenguin.de\/wordpress\/wp-json\/wp\/v2\/users\/1"}],"replies":[{"embeddable":true,"href":"https:\/\/www.itpenguin.de\/wordpress\/wp-json\/wp\/v2\/comments?post=68"}],"version-history":[{"count":20,"href":"https:\/\/www.itpenguin.de\/wordpress\/wp-json\/wp\/v2\/pages\/68\/revisions"}],"predecessor-version":[{"id":221,"href":"https:\/\/www.itpenguin.de\/wordpress\/wp-json\/wp\/v2\/pages\/68\/revisions\/221"}],"wp:attachment":[{"href":"https:\/\/www.itpenguin.de\/wordpress\/wp-json\/wp\/v2\/media?parent=68"}],"curies":[{"name":"wp","href":"https:\/\/api.w.org\/{rel}","templated":true}]}}