{"id":53,"date":"2020-10-07T00:01:10","date_gmt":"2020-10-06T22:01:10","guid":{"rendered":"https:\/\/www.itpenguin.de\/wordpress\/?page_id=53"},"modified":"2020-10-16T22:12:12","modified_gmt":"2020-10-16T20:12:12","slug":"projekte","status":"publish","type":"page","link":"https:\/\/www.itpenguin.de\/wordpress\/projekte\/","title":{"rendered":"Projekte"},"content":{"rendered":"\n<p>Im Folgenden eine kleine Auswahl von Projekten, auf die wir stolz sind:<\/p>\n\n\n\n<div class=\"wp-block-group alignfull has-white-background-color has-background\"><div class=\"wp-block-group__inner-container is-layout-flow wp-block-group-is-layout-flow\">\n<div class=\"wp-block-columns alignwide is-layout-flex wp-container-core-columns-is-layout-9d6595d7 wp-block-columns-is-layout-flex\">\n<div class=\"wp-block-column is-layout-flow wp-block-column-is-layout-flow\">\n<div class=\"wp-block-image\"><figure class=\"aligncenter size-medium\"><img loading=\"lazy\" decoding=\"async\" width=\"300\" height=\"144\" src=\"https:\/\/www.itpenguin.de\/wordpress\/wp-content\/uploads\/2020\/10\/prtg_core-300x144.png\" alt=\"\" class=\"wp-image-168\" srcset=\"https:\/\/www.itpenguin.de\/wordpress\/wp-content\/uploads\/2020\/10\/prtg_core-300x144.png 300w, https:\/\/www.itpenguin.de\/wordpress\/wp-content\/uploads\/2020\/10\/prtg_core-1024x492.png 1024w, https:\/\/www.itpenguin.de\/wordpress\/wp-content\/uploads\/2020\/10\/prtg_core-768x369.png 768w, https:\/\/www.itpenguin.de\/wordpress\/wp-content\/uploads\/2020\/10\/prtg_core-1536x737.png 1536w, https:\/\/www.itpenguin.de\/wordpress\/wp-content\/uploads\/2020\/10\/prtg_core.png 1927w\" sizes=\"auto, (max-width: 300px) 100vw, 300px\" \/><\/figure><\/div>\n\n\n\n<h3 class=\"has-text-align-center wp-block-heading\">PRTG Core<\/h3>\n\n\n\n<p class=\"has-text-align-center\">Operationen am offenen Herzen der Monitoring Welt von PRTG by Paessler.<\/p>\n<\/div>\n\n\n\n<div class=\"wp-block-column is-layout-flow wp-block-column-is-layout-flow\">\n<div class=\"wp-block-image\"><figure class=\"aligncenter size-medium\"><img loading=\"lazy\" decoding=\"async\" width=\"300\" height=\"232\" src=\"https:\/\/www.itpenguin.de\/wordpress\/wp-content\/uploads\/2020\/10\/prtg_desktop-300x232.png\" alt=\"\" class=\"wp-image-169\" srcset=\"https:\/\/www.itpenguin.de\/wordpress\/wp-content\/uploads\/2020\/10\/prtg_desktop-300x232.png 300w, https:\/\/www.itpenguin.de\/wordpress\/wp-content\/uploads\/2020\/10\/prtg_desktop-1024x793.png 1024w, https:\/\/www.itpenguin.de\/wordpress\/wp-content\/uploads\/2020\/10\/prtg_desktop-768x595.png 768w, https:\/\/www.itpenguin.de\/wordpress\/wp-content\/uploads\/2020\/10\/prtg_desktop.png 1325w\" sizes=\"auto, (max-width: 300px) 100vw, 300px\" \/><\/figure><\/div>\n\n\n\n<h3 class=\"has-text-align-center wp-block-heading\">PRTG Desktop App<\/h3>\n\n\n\n<p class=\"has-text-align-center\">Visualisierung der PRTG Monitoring-Daten und Konfiguration des Systems.<\/p>\n<\/div>\n\n\n\n<div class=\"wp-block-column is-layout-flow wp-block-column-is-layout-flow\">\n<div class=\"wp-block-image\"><figure class=\"aligncenter size-medium\"><img loading=\"lazy\" decoding=\"async\" width=\"300\" height=\"163\" src=\"https:\/\/www.itpenguin.de\/wordpress\/wp-content\/uploads\/2020\/10\/Jogmo_Tracking-300x163.png\" alt=\"\" class=\"wp-image-155\" srcset=\"https:\/\/www.itpenguin.de\/wordpress\/wp-content\/uploads\/2020\/10\/Jogmo_Tracking-300x163.png 300w, https:\/\/www.itpenguin.de\/wordpress\/wp-content\/uploads\/2020\/10\/Jogmo_Tracking-1024x557.png 1024w, https:\/\/www.itpenguin.de\/wordpress\/wp-content\/uploads\/2020\/10\/Jogmo_Tracking-768x418.png 768w, https:\/\/www.itpenguin.de\/wordpress\/wp-content\/uploads\/2020\/10\/Jogmo_Tracking-1536x835.png 1536w, https:\/\/www.itpenguin.de\/wordpress\/wp-content\/uploads\/2020\/10\/Jogmo_Tracking-2048x1113.png 2048w\" sizes=\"auto, (max-width: 300px) 100vw, 300px\" \/><\/figure><\/div>\n\n\n\n<h3 class=\"has-text-align-center wp-block-heading\">Jogmo<\/h3>\n\n\n\n<p class=\"has-text-align-center\">Echtzeit-Indoor-<br>Ortungssystem f\u00fcr Teamsportarten. W\u00e4re unser Auftraggeber nicht ausgebremst worden, w\u00e4re das sicherlich ein tolles Produkt geworden.<\/p>\n<\/div>\n<\/div>\n<\/div><\/div>\n\n\n\n<div class=\"wp-block-group alignfull has-white-background-color has-background\"><div class=\"wp-block-group__inner-container is-layout-flow wp-block-group-is-layout-flow\">\n<div class=\"wp-block-columns alignwide is-layout-flex wp-container-core-columns-is-layout-9d6595d7 wp-block-columns-is-layout-flex\">\n<div class=\"wp-block-column is-layout-flow wp-block-column-is-layout-flow\">\n<div class=\"wp-block-image\"><figure class=\"aligncenter size-medium\"><img loading=\"lazy\" decoding=\"async\" width=\"290\" height=\"300\" src=\"https:\/\/www.itpenguin.de\/wordpress\/wp-content\/uploads\/2020\/10\/satellites-152495_640-290x300.png\" alt=\"\" class=\"wp-image-148\" srcset=\"https:\/\/www.itpenguin.de\/wordpress\/wp-content\/uploads\/2020\/10\/satellites-152495_640-290x300.png 290w, https:\/\/www.itpenguin.de\/wordpress\/wp-content\/uploads\/2020\/10\/satellites-152495_640.png 619w\" sizes=\"auto, (max-width: 290px) 100vw, 290px\" \/><\/figure><\/div>\n\n\n\n<h3 class=\"has-text-align-center wp-block-heading\">Galileo<\/h3>\n\n\n\n<p class=\"has-text-align-center\">Satellitennavigation f\u00fcr \u00f6ffentliche Auftraggeber in einer wissenschaftlichen Arbeitsumgebung.<\/p>\n<\/div>\n\n\n\n<div class=\"wp-block-column is-layout-flow wp-block-column-is-layout-flow\">\n<div class=\"wp-block-image\"><figure class=\"aligncenter size-medium\"><img loading=\"lazy\" decoding=\"async\" width=\"300\" height=\"217\" src=\"https:\/\/www.itpenguin.de\/wordpress\/wp-content\/uploads\/2020\/10\/p_gip01-300x217.jpg\" alt=\"\" class=\"wp-image-152\" srcset=\"https:\/\/www.itpenguin.de\/wordpress\/wp-content\/uploads\/2020\/10\/p_gip01-300x217.jpg 300w, https:\/\/www.itpenguin.de\/wordpress\/wp-content\/uploads\/2020\/10\/p_gip01.jpg 552w\" sizes=\"auto, (max-width: 300px) 100vw, 300px\" \/><\/figure><\/div>\n\n\n\n<h3 class=\"has-text-align-center wp-block-heading\">Pr\u00fcfsysteme in Kernkraftwerken<\/h3>\n\n\n\n<p class=\"has-text-align-center\">Pr\u00fcfung der Leittechnik im Leistungsbetrieb und w\u00e4hrend der Revision zusammen mit Betreiber und Gutachter.<\/p>\n<\/div>\n\n\n\n<div class=\"wp-block-column is-layout-flow wp-block-column-is-layout-flow\">\n<div class=\"wp-block-image\"><figure class=\"aligncenter size-medium\"><img loading=\"lazy\" decoding=\"async\" width=\"300\" height=\"225\" src=\"https:\/\/www.itpenguin.de\/wordpress\/wp-content\/uploads\/2020\/10\/p_erbus01-300x225.png\" alt=\"\" class=\"wp-image-151\" srcset=\"https:\/\/www.itpenguin.de\/wordpress\/wp-content\/uploads\/2020\/10\/p_erbus01-300x225.png 300w, https:\/\/www.itpenguin.de\/wordpress\/wp-content\/uploads\/2020\/10\/p_erbus01-768x577.png 768w, https:\/\/www.itpenguin.de\/wordpress\/wp-content\/uploads\/2020\/10\/p_erbus01.png 1013w\" sizes=\"auto, (max-width: 300px) 100vw, 300px\" \/><\/figure><\/div>\n\n\n\n<h3 class=\"has-text-align-center wp-block-heading\">Simulation von Kraftwerksleittechnik<\/h3>\n\n\n\n<p class=\"has-text-align-center\">Simulation von leittechnischen Funktionen des Kernkraftwerks f\u00fcr Schulung und Analyse.<\/p>\n<\/div>\n<\/div>\n\n\n\n<p><\/p>\n<\/div><\/div>\n\n\n\n<div class=\"wp-block-group alignfull has-white-background-color has-background\"><div class=\"wp-block-group__inner-container is-layout-flow wp-block-group-is-layout-flow\">\n<div class=\"wp-block-columns alignwide is-layout-flex wp-container-core-columns-is-layout-9d6595d7 wp-block-columns-is-layout-flex\">\n<div class=\"wp-block-column is-layout-flow wp-block-column-is-layout-flow\">\n<div class=\"wp-block-image\"><figure class=\"aligncenter size-medium\"><img loading=\"lazy\" decoding=\"async\" width=\"300\" height=\"150\" src=\"https:\/\/www.itpenguin.de\/wordpress\/wp-content\/uploads\/2020\/10\/batteries-1379208_640-300x150.png\" alt=\"\" class=\"wp-image-146\" srcset=\"https:\/\/www.itpenguin.de\/wordpress\/wp-content\/uploads\/2020\/10\/batteries-1379208_640-300x150.png 300w, https:\/\/www.itpenguin.de\/wordpress\/wp-content\/uploads\/2020\/10\/batteries-1379208_640.png 640w\" sizes=\"auto, (max-width: 300px) 100vw, 300px\" \/><\/figure><\/div>\n\n\n\n<h3 class=\"has-text-align-center wp-block-heading\">Batteriemanagement<\/h3>\n\n\n\n<p class=\"has-text-align-center\">Batteriemanagement f\u00fcr \u00f6ffentliche Auftraggeber in einer wissenschaftlichen Arbeitsumgebung.<\/p>\n<\/div>\n\n\n\n<div class=\"wp-block-column is-layout-flow wp-block-column-is-layout-flow\">\n<div class=\"wp-block-image\"><figure class=\"aligncenter size-medium\"><img loading=\"lazy\" decoding=\"async\" width=\"300\" height=\"212\" src=\"https:\/\/www.itpenguin.de\/wordpress\/wp-content\/uploads\/2020\/10\/circuits-950546_640-300x212.png\" alt=\"\" class=\"wp-image-147\" srcset=\"https:\/\/www.itpenguin.de\/wordpress\/wp-content\/uploads\/2020\/10\/circuits-950546_640-300x212.png 300w, https:\/\/www.itpenguin.de\/wordpress\/wp-content\/uploads\/2020\/10\/circuits-950546_640.png 640w\" sizes=\"auto, (max-width: 300px) 100vw, 300px\" \/><\/figure><\/div>\n\n\n\n<h3 class=\"has-text-align-center wp-block-heading\">Saunasteuerung<\/h3>\n\n\n\n<p class=\"has-text-align-center\">GUI und Steuerung mehrerer unterschiedlicher Saunatypen auf einer ARM Architektur.<\/p>\n<\/div>\n<\/div>\n\n\n\n<p><\/p>\n<\/div><\/div>\n","protected":false},"excerpt":{"rendered":"<p>Im Folgenden eine kleine Auswahl von Projekten, auf die wir stolz sind: PRTG Core Operationen am offenen Herzen der Monitoring Welt von PRTG by Paessler. PRTG Desktop App Visualisierung der PRTG Monitoring-Daten und Konfiguration des Systems. Jogmo Echtzeit-Indoor-Ortungssystem f\u00fcr Teamsportarten. W\u00e4re unser Auftraggeber nicht ausgebremst worden, w\u00e4re das sicherlich ein tolles Produkt geworden. Galileo Satellitennavigation [&hellip;]<\/p>\n","protected":false},"author":1,"featured_media":0,"parent":0,"menu_order":0,"comment_status":"closed","ping_status":"closed","template":"","meta":{"gt_page_layout":"","gt_hide_page_title":false,"gt_remove_bottom_margin":false,"footnotes":""},"class_list":["post-53","page","type-page","status-publish","hentry"],"_links":{"self":[{"href":"https:\/\/www.itpenguin.de\/wordpress\/wp-json\/wp\/v2\/pages\/53","targetHints":{"allow":["GET"]}}],"collection":[{"href":"https:\/\/www.itpenguin.de\/wordpress\/wp-json\/wp\/v2\/pages"}],"about":[{"href":"https:\/\/www.itpenguin.de\/wordpress\/wp-json\/wp\/v2\/types\/page"}],"author":[{"embeddable":true,"href":"https:\/\/www.itpenguin.de\/wordpress\/wp-json\/wp\/v2\/users\/1"}],"replies":[{"embeddable":true,"href":"https:\/\/www.itpenguin.de\/wordpress\/wp-json\/wp\/v2\/comments?post=53"}],"version-history":[{"count":16,"href":"https:\/\/www.itpenguin.de\/wordpress\/wp-json\/wp\/v2\/pages\/53\/revisions"}],"predecessor-version":[{"id":170,"href":"https:\/\/www.itpenguin.de\/wordpress\/wp-json\/wp\/v2\/pages\/53\/revisions\/170"}],"wp:attachment":[{"href":"https:\/\/www.itpenguin.de\/wordpress\/wp-json\/wp\/v2\/media?parent=53"}],"curies":[{"name":"wp","href":"https:\/\/api.w.org\/{rel}","templated":true}]}}